{"id":1485,"date":"2021-05-12T15:35:54","date_gmt":"2021-05-12T13:35:54","guid":{"rendered":"https:\/\/heidersbuero.de\/?page_id=1485"},"modified":"2023-04-19T14:05:22","modified_gmt":"2023-04-19T12:05:22","slug":"16-gregor-passens-muenchen","status":"publish","type":"page","link":"https:\/\/heidersbuero.de\/?page_id=1485","title":{"rendered":"16. Gregor Passens, M\u00fcnchen"},"content":{"rendered":"\n<style type=\"text\/css\" data-created_by=\"avia_inline_auto\" id=\"style-css-av-7yvyf2-4ee316bd925633a7589dc24aaa5e1574\">\n.flex_column.av-7yvyf2-4ee316bd925633a7589dc24aaa5e1574{\nborder-radius:0px 0px 0px 0px;\npadding:0px 0px 0px 0px;\n}\n<\/style>\n<div  class='flex_column av-7yvyf2-4ee316bd925633a7589dc24aaa5e1574 av_one_fifth  avia-builder-el-0  el_before_av_four_fifth  avia-builder-el-first  first flex_column_div av-zero-column-padding  '     ><style type=\"text\/css\" data-created_by=\"avia_inline_auto\" id=\"style-css-av-koli9the-6a8cb8226b2ff3408878a8d16e77d0ec\">\n#top .av-special-heading.av-koli9the-6a8cb8226b2ff3408878a8d16e77d0ec{\npadding-bottom:10px;\n}\nbody .av-special-heading.av-koli9the-6a8cb8226b2ff3408878a8d16e77d0ec .av-special-heading-tag .heading-char{\nfont-size:25px;\n}\n.av-special-heading.av-koli9the-6a8cb8226b2ff3408878a8d16e77d0ec .av-subheading{\nfont-size:15px;\n}\n<\/style>\n<div  class='av-special-heading av-koli9the-6a8cb8226b2ff3408878a8d16e77d0ec av-special-heading-h3  avia-builder-el-1  avia-builder-el-no-sibling '><h3 class='av-special-heading-tag'  itemprop=\"headline\"  >Gregor Passens<\/h3><div class=\"special-heading-border\"><div class=\"special-heading-inner-border\"><\/div><\/div><\/div><\/div>\n<style type=\"text\/css\" data-created_by=\"avia_inline_auto\" id=\"style-css-av-5pufjy-6b76416cb6b70310bfea82d0feed5ee9\">\n.flex_column.av-5pufjy-6b76416cb6b70310bfea82d0feed5ee9{\nborder-radius:0px 0px 0px 0px;\npadding:0px 0px 0px 0px;\n}\n<\/style>\n<div  class='flex_column av-5pufjy-6b76416cb6b70310bfea82d0feed5ee9 av_four_fifth  avia-builder-el-2  el_after_av_one_fifth  el_before_av_hr  flex_column_div av-zero-column-padding  '     ><p>\n<style type=\"text\/css\" data-created_by=\"avia_inline_auto\" id=\"style-css-av-kqmai1sn-1ccad422fb6775bdea73dfc1107c7050\">\n.avia-image-container.av-kqmai1sn-1ccad422fb6775bdea73dfc1107c7050 img.avia_image{\nbox-shadow:none;\n}\n.avia-image-container.av-kqmai1sn-1ccad422fb6775bdea73dfc1107c7050 .av-image-caption-overlay-center{\ncolor:#ffffff;\n}\n<\/style>\n<div  class='avia-image-container av-kqmai1sn-1ccad422fb6775bdea73dfc1107c7050 av-styling- avia-align-center  avia-builder-el-3  el_before_av_image  avia-builder-el-first  av-has-copyright av-copyright-always'   itemprop=\"image\" itemscope=\"itemscope\" itemtype=\"https:\/\/schema.org\/ImageObject\" ><div class=\"avia-image-container-inner\"><div class=\"avia-image-overlay-wrap\"><img decoding=\"async\" class='wp-image-2767 avia-img-lazy-loading-not-2767 avia_image ' src=\"https:\/\/heidersbuero.de\/wp-content\/uploads\/2022\/07\/exportA-23.jpg\" alt='' title='exportA-23'  height=\"640\" width=\"853\"  itemprop=\"thumbnailUrl\" srcset=\"https:\/\/heidersbuero.de\/wp-content\/uploads\/2022\/07\/exportA-23.jpg 853w, https:\/\/heidersbuero.de\/wp-content\/uploads\/2022\/07\/exportA-23-300x225.jpg 300w, https:\/\/heidersbuero.de\/wp-content\/uploads\/2022\/07\/exportA-23-768x576.jpg 768w, https:\/\/heidersbuero.de\/wp-content\/uploads\/2022\/07\/exportA-23-705x529.jpg 705w\" sizes=\"(max-width: 853px) 100vw, 853px\" \/><\/div><small class=\"avia-copyright\">\u00a9MichaelvonBrentano<\/small><\/div><\/div><br \/>\n\n<style type=\"text\/css\" data-created_by=\"avia_inline_auto\" id=\"style-css-av-lgnmytdm-2ce337010d86add3cc2c41a6a54d6e36\">\n.avia-image-container.av-lgnmytdm-2ce337010d86add3cc2c41a6a54d6e36 img.avia_image{\nbox-shadow:none;\n}\n.avia-image-container.av-lgnmytdm-2ce337010d86add3cc2c41a6a54d6e36 .av-image-caption-overlay-center{\ncolor:#ffffff;\n}\n<\/style>\n<div  class='avia-image-container av-lgnmytdm-2ce337010d86add3cc2c41a6a54d6e36 av-styling- avia-align-center  avia-builder-el-4  el_after_av_image  avia-builder-el-last  av-has-copyright av-copyright-always'   itemprop=\"image\" itemscope=\"itemscope\" itemtype=\"https:\/\/schema.org\/ImageObject\" ><div class=\"avia-image-container-inner\"><div class=\"avia-image-overlay-wrap\"><img decoding=\"async\" class='wp-image-1824 avia-img-lazy-loading-not-1824 avia_image ' src=\"https:\/\/heidersbuero.de\/wp-content\/uploads\/2021\/07\/16_Passens_4.jpg\" alt='' title='16_Passens_4'  height=\"960\" width=\"640\"  itemprop=\"thumbnailUrl\" srcset=\"https:\/\/heidersbuero.de\/wp-content\/uploads\/2021\/07\/16_Passens_4.jpg 640w, https:\/\/heidersbuero.de\/wp-content\/uploads\/2021\/07\/16_Passens_4-200x300.jpg 200w, https:\/\/heidersbuero.de\/wp-content\/uploads\/2021\/07\/16_Passens_4-470x705.jpg 470w\" sizes=\"(max-width: 640px) 100vw, 640px\" \/><\/div><small class=\"avia-copyright\">\u00a9 Kerstin Stelter photography<\/small><\/div><\/div><\/p><\/div>\n<style type=\"text\/css\" data-created_by=\"avia_inline_auto\" id=\"style-css-av-lgnn0ti0-fef5c83d3187ccb0ad6200fa09649673\">\n#top .hr.hr-invisible.av-lgnn0ti0-fef5c83d3187ccb0ad6200fa09649673{\nheight:50px;\n}\n<\/style>\n<div  class='hr av-lgnn0ti0-fef5c83d3187ccb0ad6200fa09649673 hr-invisible  avia-builder-el-5  el_after_av_four_fifth  el_before_av_one_fifth '><span class='hr-inner '><span class=\"hr-inner-style\"><\/span><\/span><\/div><\/p>\n<div  class='flex_column av-av_one_fifth-a961ec8c42a44a397321d1a2224da3ca av_one_fifth  avia-builder-el-6  el_after_av_hr  el_before_av_four_fifth  first flex_column_div  '     ><\/div>\n\n<style type=\"text\/css\" data-created_by=\"avia_inline_auto\" id=\"style-css-av-92vu6-53bf49303a766abb9978215999f88e38\">\n.flex_column.av-92vu6-53bf49303a766abb9978215999f88e38{\nborder-radius:0px 0px 0px 0px;\npadding:0px 0px 0px 0px;\n}\n<\/style>\n<div  class='flex_column av-92vu6-53bf49303a766abb9978215999f88e38 av_four_fifth  avia-builder-el-7  el_after_av_one_fifth  el_before_av_hr  flex_column_div av-zero-column-padding  '     ><section  class='av_textblock_section av-lgnn5rsj-a6a21d3778d4bd77971f397287270458 '   itemscope=\"itemscope\" itemtype=\"https:\/\/schema.org\/CreativeWork\" ><div class='avia_textblock'  itemprop=\"text\" ><p><strong>KONG<\/strong><\/p>\n<p>2021, Innenger\u00fcst aus vorgefundener Leiter, Bew\u00e4sserungsrohre aus Aluminium,\u00a0 Dachlatten, vorgefundene schwarze Unkrautschutzfolie als H\u00fclle \/ca. 4 x 5 x 5 m<\/p>\n<p>Gregor Passens hat die F\u00e4higkeit entwickelt, monumentale Werke, einfach, aber beeindruckend, u.a. mit Industriematerialien zu schaffen, die er auf effektive und poetische Weise nutzt.<br \/>\nEines der besten Beispiele ist KONG, eine King Kong Gro\u00dfskulptur aus Bauger\u00fcst und Dachpappe.<br \/>\nInzwischen lie\u00df Passens KONG, wie er die Figur nennt, um ihr mehr Allgemeinheit zu verleihen, an verschiedenen Orten auftreten, in der historischen Aula der Akademie der Bildenden K\u00fcnste M\u00fcnchen, vor orthodoxen Ikonen wie in der Biennale in Tirana, im Museo de Arte Moderno in Santiago de Chile und im Haus der Kunst in M\u00fcnchen.<\/p>\n<p>King Kong, ein Gorilla, der der Legende nach aus dem Dschungel nach Manhattan wandert und dessen Figur durch verschiedene kulturelle Kontexte ver\u00e4ndert wurde, ist ein Reisender wie Gregor Passens.<\/p>\n<\/div><\/section><\/div><div  class='hr av-av_hr-91d7ccd583a503147498e120fee2ff9b hr-default  avia-builder-el-9  el_after_av_four_fifth  el_before_av_one_third '><span class='hr-inner '><span class=\"hr-inner-style\"><\/span><\/span><\/div><\/p>\n<div  class='flex_column av-av_one_third-a961ec8c42a44a397321d1a2224da3ca av_one_third  avia-builder-el-10  el_after_av_hr  el_before_av_two_third  first flex_column_div  '     ><style type=\"text\/css\" data-created_by=\"avia_inline_auto\" id=\"style-css-av-lgnnbhv7-03fef393507933de8f6b3cd139927f70\">\n.avia-image-container.av-lgnnbhv7-03fef393507933de8f6b3cd139927f70 img.avia_image{\nbox-shadow:none;\n}\n.avia-image-container.av-lgnnbhv7-03fef393507933de8f6b3cd139927f70 .av-image-caption-overlay-center{\ncolor:#ffffff;\n}\n<\/style>\n<div  class='avia-image-container av-lgnnbhv7-03fef393507933de8f6b3cd139927f70 av-styling- avia-align-center  avia-builder-el-11  avia-builder-el-no-sibling '   itemprop=\"image\" itemscope=\"itemscope\" itemtype=\"https:\/\/schema.org\/ImageObject\" ><div class=\"avia-image-container-inner\"><div class=\"avia-image-overlay-wrap\"><img decoding=\"async\" class='wp-image-1822 avia-img-lazy-loading-not-1822 avia_image ' src=\"https:\/\/heidersbuero.de\/wp-content\/uploads\/2021\/07\/16_Passens_2-300x200.jpg\" alt='' title='16_Passens_2'  height=\"200\" width=\"300\"  itemprop=\"thumbnailUrl\" srcset=\"https:\/\/heidersbuero.de\/wp-content\/uploads\/2021\/07\/16_Passens_2-300x200.jpg 300w, https:\/\/heidersbuero.de\/wp-content\/uploads\/2021\/07\/16_Passens_2.jpg 640w\" sizes=\"(max-width: 300px) 100vw, 300px\" \/><\/div><\/div><\/div><\/div><div  class='flex_column av-av_two_third-e38f08a368d22f46ed35f78008f927bf av_two_third  avia-builder-el-12  el_after_av_one_third  avia-builder-el-last  flex_column_div  '     ><section  class='av_textblock_section av-lgnn8mv0-72cdcd4e3f5bff7cea373b64fc0c03d4 '   itemscope=\"itemscope\" itemtype=\"https:\/\/schema.org\/CreativeWork\" ><div class='avia_textblock'  itemprop=\"text\" ><table width=\"744\">\n<tbody>\n<tr>\n<td width=\"163\">1974<\/td>\n<td width=\"581\">geboren in Berchtesgaden<\/td>\n<\/tr>\n<tr>\n<td>1994 &#8211; 2001<\/td>\n<td>Studium an der Akademie der Bildenden K\u00fcnste in M\u00fcnchen bei Prof. Hubertus von Pilgrim, Pia Stadtb\u00e4umer, Michaela Meli\u00e1n, Nikolaus Gerhart (auch Meistersch\u00fcler)<\/td>\n<\/tr>\n<tr>\n<td>2007 \u2013 2013<\/td>\n<td>K\u00fcnstlerischer Mitarbeiter an der Akademie der Bildenden K\u00fcnste in M\u00fcnchen bei Prof. Nikolaus Gerhart und Prof. Olaf Nicolai<\/td>\n<\/tr>\n<tr>\n<td><\/td>\n<td><\/td>\n<\/tr>\n<tr>\n<td colspan=\"2\">Preise und Stipendien (Auswahl)<\/td>\n<\/tr>\n<tr>\n<td>2014 \u2013 2015<\/td>\n<td>K\u00fcnstler f\u00fcr die Stiftung Nantesbuch, Luitpold Hochschule M\u00fcnchen<\/td>\n<\/tr>\n<tr>\n<td>2009<\/td>\n<td>Erwin und Gisela von Steiner Stiftung<\/td>\n<\/tr>\n<tr>\n<td>2006<\/td>\n<td>USA \u2013 Stipendium des Freistaates Bayern<\/td>\n<\/tr>\n<tr>\n<td>2005 \u2013 2006<\/td>\n<td>Internationales K\u00fcnstlerhaus Villa Concordia, Bamberg<\/td>\n<\/tr>\n<tr>\n<td>2002 \u2013 2003<\/td>\n<td>DAAD-Stipendium in Buenos Aires, Argentinien<\/td>\n<\/tr>\n<tr>\n<td>2002<\/td>\n<td>Deb\u00fctanten Preis und Katalogf\u00f6rderung<\/td>\n<\/tr>\n<tr>\n<td>1999<\/td>\n<td>Studienstiftung des Deutschen Volkes<\/td>\n<\/tr>\n<tr>\n<td><\/td>\n<td><\/td>\n<\/tr>\n<tr>\n<td colspan=\"2\">Ausstellungen\/Kunst am Bau (Auswahl)<\/td>\n<\/tr>\n<tr>\n<td>2021<\/td>\n<td>Kong, Kunstverein Ebersberg<\/td>\n<\/tr>\n<tr>\n<td><\/td>\n<td>WEAPONARTFAIR, Galerie der K\u00fcnstler, M\u00fcnchen<\/td>\n<\/tr>\n<tr>\n<td>2020<\/td>\n<td>Skulptur, Rathaus Erding<\/td>\n<\/tr>\n<tr>\n<td><\/td>\n<td>Altargestaltung St. Lorenz, Oberf\u00f6hring, M\u00fcnchen<\/td>\n<\/tr>\n<tr>\n<td>2019<\/td>\n<td>#EXIST, Halle 6, M\u00fcnchen<\/td>\n<\/tr>\n<tr>\n<td>2018<\/td>\n<td>Space is the Place, Halle 6, M\u00fcnchen<\/td>\n<\/tr>\n<tr>\n<td>2017<\/td>\n<td>3. Biennale, Haus der Kunst, M\u00fcnchen<\/td>\n<\/tr>\n<tr>\n<td>2016<\/td>\n<td>Ein Stein der Weisen, QUIVID \u2013 Kunst am Bau, F\u00f6rderschule in M\u00fcnchen<\/td>\n<\/tr>\n<tr>\n<td>2015<\/td>\n<td>Event Horizon, Porto, Portugal<\/td>\n<\/tr>\n<tr>\n<td>2014<\/td>\n<td>Kunst am Bau: Cepa cupria, Universit\u00e4t Regensburg, Ausweichgeb\u00e4ude der Naturwissenschaften<\/td>\n<\/tr>\n<tr>\n<td>2010<\/td>\n<td>Freischwimmer \u2013 \u00fcberdimensionierter Rettungsring, Universit\u00e4tsklinikum Freiburg<\/td>\n<\/tr>\n<tr>\n<td><\/td>\n<td><\/td>\n<\/tr>\n<tr>\n<td>Website<\/td>\n<td><a href=\"http:\/\/www.passens.net\/\">www.passens.net<\/a><\/td>\n<\/tr>\n<\/tbody>\n<\/table>\n<\/div><\/section><\/div><\/p>\n","protected":false},"excerpt":{"rendered":"","protected":false},"author":1,"featured_media":0,"parent":1073,"menu_order":16,"comment_status":"closed","ping_status":"closed","template":"","meta":{"footnotes":""},"class_list":["post-1485","page","type-page","status-publish","hentry"],"_links":{"self":[{"href":"https:\/\/heidersbuero.de\/index.php?rest_route=\/wp\/v2\/pages\/1485","targetHints":{"allow":["GET"]}}],"collection":[{"href":"https:\/\/heidersbuero.de\/index.php?rest_route=\/wp\/v2\/pages"}],"about":[{"href":"https:\/\/heidersbuero.de\/index.php?rest_route=\/wp\/v2\/types\/page"}],"author":[{"embeddable":true,"href":"https:\/\/heidersbuero.de\/index.php?rest_route=\/wp\/v2\/users\/1"}],"replies":[{"embeddable":true,"href":"https:\/\/heidersbuero.de\/index.php?rest_route=%2Fwp%2Fv2%2Fcomments&post=1485"}],"version-history":[{"count":6,"href":"https:\/\/heidersbuero.de\/index.php?rest_route=\/wp\/v2\/pages\/1485\/revisions"}],"predecessor-version":[{"id":3146,"href":"https:\/\/heidersbuero.de\/index.php?rest_route=\/wp\/v2\/pages\/1485\/revisions\/3146"}],"up":[{"embeddable":true,"href":"https:\/\/heidersbuero.de\/index.php?rest_route=\/wp\/v2\/pages\/1073"}],"wp:attachment":[{"href":"https:\/\/heidersbuero.de\/index.php?rest_route=%2Fwp%2Fv2%2Fmedia&parent=1485"}],"curies":[{"name":"wp","href":"https:\/\/api.w.org\/{rel}","templated":true}]}}