{"id":1473,"date":"2021-05-12T15:31:17","date_gmt":"2021-05-12T13:31:17","guid":{"rendered":"https:\/\/heidersbuero.de\/?page_id=1473"},"modified":"2023-01-25T19:21:24","modified_gmt":"2023-01-25T18:21:24","slug":"11-andrea-und-nikolaus-kernbach-aulendorf","status":"publish","type":"page","link":"https:\/\/heidersbuero.de\/?page_id=1473","title":{"rendered":"11. Andrea und Nikolaus Kernbach, Aulendorf"},"content":{"rendered":"\n<style type=\"text\/css\" data-created_by=\"avia_inline_auto\" id=\"style-css-av-7yvyf2-4ee316bd925633a7589dc24aaa5e1574\">\n.flex_column.av-7yvyf2-4ee316bd925633a7589dc24aaa5e1574{\nborder-radius:0px 0px 0px 0px;\npadding:0px 0px 0px 0px;\n}\n<\/style>\n<div  class='flex_column av-7yvyf2-4ee316bd925633a7589dc24aaa5e1574 av_one_fifth  avia-builder-el-0  el_before_av_four_fifth  avia-builder-el-first  first flex_column_div av-zero-column-padding  '     ><style type=\"text\/css\" data-created_by=\"avia_inline_auto\" id=\"style-css-av-koli3tt2-926f9536341dce1dbca56e0488254bc2\">\n#top .av-special-heading.av-koli3tt2-926f9536341dce1dbca56e0488254bc2{\npadding-bottom:10px;\n}\nbody .av-special-heading.av-koli3tt2-926f9536341dce1dbca56e0488254bc2 .av-special-heading-tag .heading-char{\nfont-size:25px;\n}\n.av-special-heading.av-koli3tt2-926f9536341dce1dbca56e0488254bc2 .av-subheading{\nfont-size:15px;\n}\n<\/style>\n<div  class='av-special-heading av-koli3tt2-926f9536341dce1dbca56e0488254bc2 av-special-heading-h3  avia-builder-el-1  avia-builder-el-no-sibling '><h3 class='av-special-heading-tag'  itemprop=\"headline\"  >Andrea und Nikolaus Kernbach<\/h3><div class=\"special-heading-border\"><div class=\"special-heading-inner-border\"><\/div><\/div><\/div><\/div>\n<style type=\"text\/css\" data-created_by=\"avia_inline_auto\" id=\"style-css-av-5pufjy-849dbca449141d9eabf53c285759dbf4\">\n.flex_column.av-5pufjy-849dbca449141d9eabf53c285759dbf4{\nborder-radius:0px 0px 0px 0px;\npadding:0px 0px 0px 0px;\n}\n<\/style>\n<div  class='flex_column av-5pufjy-849dbca449141d9eabf53c285759dbf4 av_four_fifth  avia-builder-el-2  el_after_av_one_fifth  el_before_av_one_fifth  flex_column_div av-zero-column-padding  '     ><p>\n<style type=\"text\/css\" data-created_by=\"avia_inline_auto\" id=\"style-css-av-koelfo0l-525b4fdd6b5ebc650e744a970624120e\">\n.avia-image-container.av-koelfo0l-525b4fdd6b5ebc650e744a970624120e img.avia_image{\nbox-shadow:none;\n}\n.avia-image-container.av-koelfo0l-525b4fdd6b5ebc650e744a970624120e .av-image-caption-overlay-center{\ncolor:#ffffff;\n}\n<\/style>\n<div  class='avia-image-container av-koelfo0l-525b4fdd6b5ebc650e744a970624120e av-styling- avia-align-center  avia-builder-el-3  el_before_av_image  avia-builder-el-first  av-has-copyright av-copyright-always'   itemprop=\"image\" itemscope=\"itemscope\" itemtype=\"https:\/\/schema.org\/ImageObject\" ><div class=\"avia-image-container-inner\"><div class=\"avia-image-overlay-wrap\"><img decoding=\"async\" class='wp-image-2737 avia-img-lazy-loading-not-2737 avia_image ' src=\"https:\/\/heidersbuero.de\/wp-content\/uploads\/2022\/07\/exportA.jpg\" alt='' title='exportA'  height=\"640\" width=\"960\"  itemprop=\"thumbnailUrl\" srcset=\"https:\/\/heidersbuero.de\/wp-content\/uploads\/2022\/07\/exportA.jpg 960w, https:\/\/heidersbuero.de\/wp-content\/uploads\/2022\/07\/exportA-300x200.jpg 300w, https:\/\/heidersbuero.de\/wp-content\/uploads\/2022\/07\/exportA-768x512.jpg 768w, https:\/\/heidersbuero.de\/wp-content\/uploads\/2022\/07\/exportA-705x470.jpg 705w\" sizes=\"(max-width: 960px) 100vw, 960px\" \/><\/div><small class=\"avia-copyright\">\u00a9heidersbuero<\/small><\/div><\/div><br \/>\n\n<style type=\"text\/css\" data-created_by=\"avia_inline_auto\" id=\"style-css-av-kox0v0my-1730c0677ba1f1fe60427c8193237023\">\n.avia-image-container.av-kox0v0my-1730c0677ba1f1fe60427c8193237023 img.avia_image{\nbox-shadow:none;\n}\n.avia-image-container.av-kox0v0my-1730c0677ba1f1fe60427c8193237023 .av-image-caption-overlay-center{\ncolor:#ffffff;\n}\n<\/style>\n<div  class='avia-image-container av-kox0v0my-1730c0677ba1f1fe60427c8193237023 av-styling- avia-align-center  avia-builder-el-4  el_after_av_image  avia-builder-el-last  av-has-copyright av-copyright-always'   itemprop=\"image\" itemscope=\"itemscope\" itemtype=\"https:\/\/schema.org\/ImageObject\" ><div class=\"avia-image-container-inner\"><div class=\"avia-image-overlay-wrap\"><img decoding=\"async\" class='wp-image-2993 avia-img-lazy-loading-not-2993 avia_image ' src=\"https:\/\/heidersbuero.de\/wp-content\/uploads\/2023\/01\/167.jpg\" alt='' title='167'  height=\"640\" width=\"960\"  itemprop=\"thumbnailUrl\" srcset=\"https:\/\/heidersbuero.de\/wp-content\/uploads\/2023\/01\/167.jpg 960w, https:\/\/heidersbuero.de\/wp-content\/uploads\/2023\/01\/167-300x200.jpg 300w, https:\/\/heidersbuero.de\/wp-content\/uploads\/2023\/01\/167-768x512.jpg 768w, https:\/\/heidersbuero.de\/wp-content\/uploads\/2023\/01\/167-705x470.jpg 705w\" sizes=\"(max-width: 960px) 100vw, 960px\" \/><\/div><small class=\"avia-copyright\">@Kerstin Stelter photography<\/small><\/div><\/div><\/p><\/div>\n<style type=\"text\/css\" data-created_by=\"avia_inline_auto\" id=\"style-css-av-7bvcg1-aab360dd873fb24843e4f8b70c778927\">\n.flex_column.av-7bvcg1-aab360dd873fb24843e4f8b70c778927{\nborder-radius:0px 0px 0px 0px;\npadding:0px 0px 0px 0px;\n}\n<\/style>\n<div  class='flex_column av-7bvcg1-aab360dd873fb24843e4f8b70c778927 av_one_fifth  avia-builder-el-5  el_after_av_four_fifth  el_before_av_four_fifth  first flex_column_div av-zero-column-padding  '     ><\/div>\n<style type=\"text\/css\" data-created_by=\"avia_inline_auto\" id=\"style-css-av-92vu6-53bf49303a766abb9978215999f88e38\">\n.flex_column.av-92vu6-53bf49303a766abb9978215999f88e38{\nborder-radius:0px 0px 0px 0px;\npadding:0px 0px 0px 0px;\n}\n<\/style>\n<div  class='flex_column av-92vu6-53bf49303a766abb9978215999f88e38 av_four_fifth  avia-builder-el-6  el_after_av_one_fifth  el_before_av_hr  flex_column_div av-zero-column-padding  '     ><section  class='av_textblock_section av-ko2qwcan-80d98b86d22fca9b2576672e200b6add '   itemscope=\"itemscope\" itemtype=\"https:\/\/schema.org\/CreativeWork\" ><div class='avia_textblock'  itemprop=\"text\" ><p><strong>schichtweise : Umbau<br \/>\n<\/strong>2021, Gehwegplatten, Pflastersteine aus dem Au\u00dfenbereich der G\u00e4rtnerei, 360 x 560 x 80 cm<\/p>\n<p>Umbau: Beatmung des stillgelegten Gel\u00e4ndes<br \/>\ndurch einen mehrfachen Transformationsprozess:<br \/>\nteilweise Freilegung der Au\u00dfenfl\u00e4chen,<br \/>\n\u00dcbertragung der 2-dimensionalen Fl\u00e4che<br \/>\nin architektonische Schichtung,<br \/>\nwie auch vom Weg nicht mehr genutzter<br \/>\nGehwegplatten hin in die zuk\u00fcnftig<br \/>\narchitektonische Neu-Nutzung des Gel\u00e4ndes.<\/p>\n<\/div><\/section><\/div><div  class='hr av-5r55xd-9d45455a627b2825cb72eb406ded27e0 hr-default  avia-builder-el-8  el_after_av_four_fifth  el_before_av_one_third '><span class='hr-inner '><span class=\"hr-inner-style\"><\/span><\/span><\/div><\/p>\n<div  class='flex_column av-19wdd-1c9e28155fdcb4b753d23e18557cb38c av_one_third  avia-builder-el-9  el_after_av_hr  el_before_av_two_third  first flex_column_div  '     ><style type=\"text\/css\" data-created_by=\"avia_inline_auto\" id=\"style-css-av-ldbzj1s6-9970e068a944205b1bcf29801d30579e\">\n.avia-image-container.av-ldbzj1s6-9970e068a944205b1bcf29801d30579e img.avia_image{\nbox-shadow:none;\n}\n.avia-image-container.av-ldbzj1s6-9970e068a944205b1bcf29801d30579e .av-image-caption-overlay-center{\ncolor:#ffffff;\n}\n<\/style>\n<div  class='avia-image-container av-ldbzj1s6-9970e068a944205b1bcf29801d30579e av-styling- avia-align-center  avia-builder-el-10  avia-builder-el-no-sibling '   itemprop=\"image\" itemscope=\"itemscope\" itemtype=\"https:\/\/schema.org\/ImageObject\" ><div class=\"avia-image-container-inner\"><div class=\"avia-image-overlay-wrap\"><img decoding=\"async\" class='wp-image-2175 avia-img-lazy-loading-not-2175 avia_image ' src=\"https:\/\/heidersbuero.de\/wp-content\/uploads\/2021\/08\/05.DSCF3031Q-300x300.jpg\" alt='' title='05.DSCF3031Q'  height=\"300\" width=\"300\"  itemprop=\"thumbnailUrl\" srcset=\"https:\/\/heidersbuero.de\/wp-content\/uploads\/2021\/08\/05.DSCF3031Q-300x300.jpg 300w, https:\/\/heidersbuero.de\/wp-content\/uploads\/2021\/08\/05.DSCF3031Q-150x150.jpg 150w, https:\/\/heidersbuero.de\/wp-content\/uploads\/2021\/08\/05.DSCF3031Q-36x36.jpg 36w, https:\/\/heidersbuero.de\/wp-content\/uploads\/2021\/08\/05.DSCF3031Q-180x180.jpg 180w, https:\/\/heidersbuero.de\/wp-content\/uploads\/2021\/08\/05.DSCF3031Q.jpg 640w\" sizes=\"(max-width: 300px) 100vw, 300px\" \/><\/div><\/div><\/div><\/div>\n<style type=\"text\/css\" data-created_by=\"avia_inline_auto\" id=\"style-css-av-2ru7kh-4618028def069060feaf239be9571c6b\">\n.flex_column.av-2ru7kh-4618028def069060feaf239be9571c6b{\nborder-radius:0px 0px 0px 0px;\npadding:0px 0px 0px 0px;\n}\n<\/style>\n<div  class='flex_column av-2ru7kh-4618028def069060feaf239be9571c6b av_two_third  avia-builder-el-11  el_after_av_one_third  avia-builder-el-last  flex_column_div av-zero-column-padding  '     ><section  class='av_textblock_section av-ldbznnis-dea21a9f5e68b7762b69270b1be56279 '   itemscope=\"itemscope\" itemtype=\"https:\/\/schema.org\/CreativeWork\" ><div class='avia_textblock'  itemprop=\"text\" ><table width=\"744\">\n<tbody>\n<tr>\n<td colspan=\"2\" width=\"744\">Andrea Kernbach<\/td>\n<\/tr>\n<tr>\n<td>1955<\/td>\n<td>in K\u00f6ln geboren<\/td>\n<\/tr>\n<tr>\n<td>1974 &#8211; 1978<\/td>\n<td>Studium der Bildhauerei an der Akademie der Bildenden K\u00fcnste, N\u00fcrnberg bei Prof. Dollhopf und Kunstgeschichte bei Prof. Knappe, Erlangen<\/td>\n<\/tr>\n<tr>\n<td>1999<\/td>\n<td>F\u00f6rderpreis des Verbandes Bildender K\u00fcnstler W\u00fcrttemberg<\/td>\n<\/tr>\n<tr>\n<td>2018<\/td>\n<td>Mitglied K\u00fcnstlerbund Baden-W\u00fcrttemberg<\/td>\n<\/tr>\n<tr>\n<td>Seit 1997<\/td>\n<td>projektbezogen gemeinsame Arbeiten mit Nikolaus Kernbach<\/td>\n<\/tr>\n<tr>\n<td><\/td>\n<td><\/td>\n<\/tr>\n<tr>\n<td colspan=\"2\">Nikolaus Kernbach<\/td>\n<\/tr>\n<tr>\n<td>1951<\/td>\n<td>geboren in Ravensburg<\/td>\n<\/tr>\n<tr>\n<td><\/td>\n<td>Steinmetzlehre<\/td>\n<\/tr>\n<tr>\n<td><\/td>\n<td>Studium der Bildhauerei an der Akademie der Bildenden K\u00fcnste N\u00fcrnberg bei Prof. Uhlig<\/td>\n<\/tr>\n<tr>\n<td>Seit 1989<\/td>\n<td>Atelier in Aulendorf und Arvigo, CH<\/td>\n<\/tr>\n<tr>\n<td><\/td>\n<td>Mitglied im Deutschen K\u00fcnstlerbund und K\u00fcnstlerbund Baden-W\u00fcrttemberg<\/td>\n<\/tr>\n<tr>\n<td><\/td>\n<td><\/td>\n<\/tr>\n<tr>\n<td>Ausstellungen (Auswahl)<\/td>\n<td><\/td>\n<\/tr>\n<tr>\n<td>2020\/2021<\/td>\n<td>\u201eausgew\u00e4hlt\u201c, Galerie Wohlh\u00fcter, Leibertingen<\/td>\n<\/tr>\n<tr>\n<td>2020<\/td>\n<td>\u201ePLUG IN\u201c, Vertretung des Landes Baden-W\u00fcrttemberg beim Bund, Berlin<\/td>\n<\/tr>\n<tr>\n<td>2020\/2021<\/td>\n<td>\u201eLebensbereicherung\u201c, KUNST-RAUM-AKADEMIE, Weingarten<\/td>\n<\/tr>\n<tr>\n<td>2020<\/td>\n<td>\u201eeinem anderen, vergleichbaren entsprechend\u201c, Galerie Wohlh\u00fcter, Leibertingen<\/td>\n<\/tr>\n<tr>\n<td>2019\/2020<\/td>\n<td>\u201eIns Licht ger\u00fcckt\u201c, Museum Biberach<\/td>\n<\/tr>\n<tr>\n<td>2019<\/td>\n<td>\u201eSTADT BERG FLUSS\u201c, SINGENKUNST 2019, Kunstverein Singen<\/td>\n<\/tr>\n<tr>\n<td>Seit Juli 2018<\/td>\n<td>\u201eKunstweg am Reichenbach\u201c, Gernsbach<\/td>\n<\/tr>\n<tr>\n<td><\/td>\n<td><\/td>\n<\/tr>\n<tr>\n<td>Websites<\/td>\n<td><a href=\"http:\/\/www.andreakernbach.de\/\">www.andreakernbach.de<\/a><\/td>\n<\/tr>\n<tr>\n<td><\/td>\n<td><a href=\"https:\/\/nikolauskernbach.de\/\">www.nikolauskernbach.de<\/a><\/td>\n<\/tr>\n<\/tbody>\n<\/table>\n<\/div><\/section><\/div><\/p>\n","protected":false},"excerpt":{"rendered":"","protected":false},"author":1,"featured_media":0,"parent":1073,"menu_order":11,"comment_status":"closed","ping_status":"closed","template":"","meta":{"footnotes":""},"class_list":["post-1473","page","type-page","status-publish","hentry"],"_links":{"self":[{"href":"https:\/\/heidersbuero.de\/index.php?rest_route=\/wp\/v2\/pages\/1473","targetHints":{"allow":["GET"]}}],"collection":[{"href":"https:\/\/heidersbuero.de\/index.php?rest_route=\/wp\/v2\/pages"}],"about":[{"href":"https:\/\/heidersbuero.de\/index.php?rest_route=\/wp\/v2\/types\/page"}],"author":[{"embeddable":true,"href":"https:\/\/heidersbuero.de\/index.php?rest_route=\/wp\/v2\/users\/1"}],"replies":[{"embeddable":true,"href":"https:\/\/heidersbuero.de\/index.php?rest_route=%2Fwp%2Fv2%2Fcomments&post=1473"}],"version-history":[{"count":7,"href":"https:\/\/heidersbuero.de\/index.php?rest_route=\/wp\/v2\/pages\/1473\/revisions"}],"predecessor-version":[{"id":2995,"href":"https:\/\/heidersbuero.de\/index.php?rest_route=\/wp\/v2\/pages\/1473\/revisions\/2995"}],"up":[{"embeddable":true,"href":"https:\/\/heidersbuero.de\/index.php?rest_route=\/wp\/v2\/pages\/1073"}],"wp:attachment":[{"href":"https:\/\/heidersbuero.de\/index.php?rest_route=%2Fwp%2Fv2%2Fmedia&parent=1473"}],"curies":[{"name":"wp","href":"https:\/\/api.w.org\/{rel}","templated":true}]}}